{"id":26,"date":"2020-11-28T18:02:35","date_gmt":"2020-11-28T21:02:35","guid":{"rendered":"https:\/\/fontenovaenergia.com.br\/novo\/?page_id=26"},"modified":"2020-12-22T11:03:39","modified_gmt":"2020-12-22T14:03:39","slug":"sobre-a-fonte-nova-energia","status":"publish","type":"page","link":"https:\/\/fontenovaenergia.com.br\/novo\/sobre-a-fonte-nova-energia\/","title":{"rendered":"Sobre a Fonte Nova Energia"},"content":{"rendered":"<p><div class=\"fusion-fullwidth fullwidth-box fusion-builder-row-1 fusion-flex-container fusion-parallax-none hundred-percent-fullwidth non-hundred-percent-height-scrolling\" style=\"background-color: rgba(0,0,0,0.2);background-image: url(&quot;https:\/\/fontenovaenergia.com.br\/novo\/wp-content\/uploads\/2020\/12\/Sobre.jpg&quot;);background-position: center center;background-repeat: no-repeat;background-blend-mode: overlay;border-width: 0px 0px 0px 0px;border-color:#e2e2e2;border-style:solid;-webkit-background-size:cover;-moz-background-size:cover;-o-background-size:cover;background-size:cover;\" ><div class=\"fusion-builder-row fusion-row fusion-flex-align-items-center fusion-flex-justify-content-center\" style=\"width:104% !important;max-width:104% !important;margin-left: calc(-4% \/ 2 );margin-right: calc(-4% \/ 2 );\"><div class=\"fusion-layout-column fusion_builder_column fusion-builder-column-0 fusion_builder_column_1_1 1_1 fusion-flex-column\"><div class=\"fusion-column-wrapper fusion-flex-justify-content-flex-start fusion-content-layout-column\" style=\"background-position:left top;background-repeat:no-repeat;-webkit-background-size:cover;-moz-background-size:cover;-o-background-size:cover;background-size:cover;padding: 0px 0px 0px 0px;\"><div class=\"fusion-text fusion-text-1\"><p style=\"text-align: center; font-size: 40px; color: #ffffff;\" data-fusion-font=\"true\"><b style=\"font-size: 42px;\" data-fusion-font=\"true\">SOBRE A FONTE NOVA ENERGIA<\/b><\/p>\n<\/div><\/div><\/div><style type=\"text\/css\">.fusion-body .fusion-builder-column-0{width:100% !important;margin-top : 0px;margin-bottom : 20px;}.fusion-builder-column-0 > .fusion-column-wrapper {padding-top : 0px !important;padding-right : 0px !important;margin-right : 1.92%;padding-bottom : 0px !important;padding-left : 0px !important;margin-left : 1.92%;}@media only screen and (max-width:1024px) {.fusion-body .fusion-builder-column-0{width:100% !important;order : 0;}.fusion-builder-column-0 > .fusion-column-wrapper {margin-right : 1.92%;margin-left : 1.92%;}}@media only screen and (max-width:640px) {.fusion-body .fusion-builder-column-0{width:100% !important;order : 0;}.fusion-builder-column-0 > .fusion-column-wrapper {margin-right : 1.92%;margin-left : 1.92%;}}<\/style><\/div><style type=\"text\/css\">.fusion-body .fusion-flex-container.fusion-builder-row-1{ padding-top : 147px;margin-top : 0px;padding-right : 0px;padding-bottom : 109px;margin-bottom : 0px;padding-left : 0px;}<\/style><\/div><div class=\"fusion-fullwidth fullwidth-box fusion-builder-row-2 fusion-flex-container nonhundred-percent-fullwidth non-hundred-percent-height-scrolling\" style=\"background-color: rgba(255,255,255,0);background-position: center center;background-repeat: no-repeat;border-width: 0px 0px 0px 0px;border-color:#e2e2e2;border-style:solid;\" ><div class=\"fusion-builder-row fusion-row fusion-flex-align-items-center\" style=\"max-width:1248px;margin-left: calc(-4% \/ 2 );margin-right: calc(-4% \/ 2 );\"><div class=\"fusion-layout-column fusion_builder_column fusion-builder-column-1 fusion_builder_column_1_2 1_2 fusion-flex-column\"><div class=\"fusion-column-wrapper fusion-flex-justify-content-flex-start fusion-content-layout-column\" style=\"background-position:left top;background-repeat:no-repeat;-webkit-background-size:cover;-moz-background-size:cover;-o-background-size:cover;background-size:cover;padding: 0px 0px 0px 0px;\"><div style=\"text-align:center;\"><span class=\" fusion-imageframe imageframe-none imageframe-1 hover-type-none\" style=\"margin-top:10px;margin-bottom:40px;\"><img width=\"260\" height=\"120\" title=\"LOGO NOVA\" src=\"https:\/\/fontenovaenergia.com.br\/novo\/wp-content\/uploads\/2020\/11\/LOGO-NOVA-1.png\" class=\"img-responsive wp-image-40\" srcset=\"https:\/\/fontenovaenergia.com.br\/novo\/wp-content\/uploads\/2020\/11\/LOGO-NOVA-1-200x92.png 200w, https:\/\/fontenovaenergia.com.br\/novo\/wp-content\/uploads\/2020\/11\/LOGO-NOVA-1.png 260w\" sizes=\"(max-width: 640px) 100vw, 260px\" \/><\/span><\/div><div class=\"fusion-text fusion-text-2\"><p>Somos uma empresa pioneira em sistemas de gera\u00e7\u00e3o de energia solar em S\u00e3o Jose dos Campos e regi\u00e3o, fundada por um Engenheiro El\u00e9trico altamente capacitado e treinado no ramo de energia fotovoltaica.<\/p>\n<p>Temos como miss\u00e3o trazer as melhores solu\u00e7\u00f5es para nossos clientes, buscando trazer benef\u00edcios financeiros mas tamb\u00e9m com vis\u00e3o na sustentabilidade contribuindo com a preserva\u00e7\u00e3o do meio ambiente.<\/p>\n<p>Nossos valores est\u00e3o baseados na transpar\u00eancia e \u00e9tica em nossos servi\u00e7os, e no trabalho honesto e respeito ao cliente.<\/p>\n<\/div><\/div><\/div><style type=\"text\/css\">.fusion-body .fusion-builder-column-1{width:50% !important;margin-top : 0px;margin-bottom : 20px;}.fusion-builder-column-1 > .fusion-column-wrapper {padding-top : 0px !important;padding-right : 0px !important;margin-right : 3.84%;padding-bottom : 0px !important;padding-left : 0px !important;margin-left : 3.84%;}@media only screen and (max-width:1024px) {.fusion-body .fusion-builder-column-1{width:50% !important;order : 0;}.fusion-builder-column-1 > .fusion-column-wrapper {margin-right : 3.84%;margin-left : 3.84%;}}@media only screen and (max-width:640px) {.fusion-body .fusion-builder-column-1{width:100% !important;order : 0;}.fusion-builder-column-1 > .fusion-column-wrapper {margin-right : 1.92%;margin-left : 1.92%;}}<\/style><div class=\"fusion-layout-column fusion_builder_column fusion-builder-column-2 fusion_builder_column_1_2 1_2 fusion-flex-column\"><div class=\"fusion-column-wrapper fusion-flex-justify-content-flex-start fusion-content-layout-column\" style=\"background-position:left top;background-repeat:no-repeat;-webkit-background-size:cover;-moz-background-size:cover;-o-background-size:cover;background-size:cover;padding: 0px 0px 0px 0px;\"><div class=\"fusion-text fusion-text-3\"><h4 class=\"vc_custom_heading heading-left-grey font-weight-700\">Localiza\u00e7\u00e3o e Contato<\/h4>\n<\/div><ul class=\"fusion-checklist fusion-checklist-1\" style=\"font-size:18px;line-height:30.6px;\"><li class=\"fusion-li-item\"><span style=\"background-color:rgba(101,188,123,0);font-size:15.84px;height:30.6px;width:30.6px;margin-right:12.6px;\" class=\"icon-wrapper circle-yes\"><i class=\"fusion-li-icon fa-thumbtack fas\" style=\"color:#8bc34a;\" aria-hidden=\"true\"><\/i><\/span><div class=\"fusion-li-item-content\" style=\"margin-left:43.2px;\">\n<p><a href=\"https:\/\/goo.gl\/maps\/jjNcQikZnX7vhmvH9\" target=\"_blank\" rel=\"noopener noreferrer\">R. Paraibuna, 432 &#8211; Jardim S\u00e3o Dimas &#8211; S\u00e3o Jos\u00e9 dos Campos &#8211; SP<\/a><\/p>\n<\/div><\/li><li class=\"fusion-li-item\"><span style=\"background-color:rgba(101,188,123,0);font-size:15.84px;height:30.6px;width:30.6px;margin-right:12.6px;\" class=\"icon-wrapper circle-yes\"><i class=\"fusion-li-icon fa-phone-alt fas\" style=\"color:#8bc34a;\" aria-hidden=\"true\"><\/i><\/span><div class=\"fusion-li-item-content\" style=\"margin-left:43.2px;\">\n<p><a href=\"tel:1239211190\">(12) 3921-1190<\/a><\/p>\n<\/div><\/li><li class=\"fusion-li-item\"><span style=\"background-color:rgba(101,188,123,0);font-size:15.84px;height:30.6px;width:30.6px;margin-right:12.6px;\" class=\"icon-wrapper circle-yes\"><i class=\"fusion-li-icon fa-whatsapp fab\" style=\"color:#8bc34a;\" aria-hidden=\"true\"><\/i><\/span><div class=\"fusion-li-item-content\" style=\"margin-left:43.2px;\">\n<p><a href=\"https:\/\/api.whatsapp.com\/send?phone=5512981002091\">(12) 98100-2091<\/a><\/p>\n<\/div><\/li><li class=\"fusion-li-item\"><span style=\"background-color:rgba(101,188,123,0);font-size:15.84px;height:30.6px;width:30.6px;margin-right:12.6px;\" class=\"icon-wrapper circle-yes\"><i class=\"fusion-li-icon fa-envelope far\" style=\"color:#8bc34a;\" aria-hidden=\"true\"><\/i><\/span><div class=\"fusion-li-item-content\" style=\"margin-left:43.2px;\">\n<p><a href=\"mailto:contato@fontenovaenergia.com.br\">contato@fontenovaenergia.com.br<\/a><\/p>\n<\/div><\/li><\/ul><\/div><\/div><style type=\"text\/css\">.fusion-body .fusion-builder-column-2{width:50% !important;margin-top : 0px;margin-bottom : 20px;}.fusion-builder-column-2 > .fusion-column-wrapper {padding-top : 0px !important;padding-right : 0px !important;margin-right : 3.84%;padding-bottom : 0px !important;padding-left : 0px !important;margin-left : 3.84%;}@media only screen and (max-width:1024px) {.fusion-body .fusion-builder-column-2{width:50% !important;order : 0;}.fusion-builder-column-2 > .fusion-column-wrapper {margin-right : 3.84%;margin-left : 3.84%;}}@media only screen and (max-width:640px) {.fusion-body .fusion-builder-column-2{width:100% !important;order : 0;}.fusion-builder-column-2 > .fusion-column-wrapper {margin-right : 1.92%;margin-left : 1.92%;}}<\/style>\n<\/div><style type=\"text\/css\">.fusion-body .fusion-flex-container.fusion-builder-row-2{ padding-top : 45px;margin-top : 0px;padding-right : 0px;padding-bottom : 0px;margin-bottom : 0px;padding-left : 0px;}<\/style><\/div><\/p>\n","protected":false},"excerpt":{"rendered":"","protected":false},"author":1,"featured_media":0,"parent":0,"menu_order":0,"comment_status":"closed","ping_status":"closed","template":"100-width.php","meta":[],"yoast_head":"<!-- This site is optimized with the Yoast SEO plugin v15.7 - https:\/\/yoast.com\/wordpress\/plugins\/seo\/ -->\n<title>Sobre a Fonte Nova Energia - Fonte Nova Energia<\/title>\n<meta name=\"robots\" content=\"index, follow, max-snippet:-1, max-image-preview:large, max-video-preview:-1\" \/>\n<link rel=\"canonical\" href=\"https:\/\/fontenovaenergia.com.br\/novo\/sobre-a-fonte-nova-energia\/\" \/>\n<meta property=\"og:locale\" content=\"pt_BR\" \/>\n<meta property=\"og:type\" content=\"article\" \/>\n<meta property=\"og:title\" content=\"Sobre a Fonte Nova Energia - Fonte Nova Energia\" \/>\n<meta property=\"og:url\" content=\"https:\/\/fontenovaenergia.com.br\/novo\/sobre-a-fonte-nova-energia\/\" \/>\n<meta property=\"og:site_name\" content=\"Fonte Nova Energia\" \/>\n<meta property=\"article:modified_time\" content=\"2020-12-22T14:03:39+00:00\" \/>\n<meta name=\"twitter:card\" content=\"summary_large_image\" \/>\n<meta name=\"twitter:label1\" content=\"Est. reading time\">\n\t<meta name=\"twitter:data1\" content=\"6 minutos\">\n<script type=\"application\/ld+json\" class=\"yoast-schema-graph\">{\"@context\":\"https:\/\/schema.org\",\"@graph\":[{\"@type\":\"WebSite\",\"@id\":\"https:\/\/fontenovaenergia.com.br\/novo\/#website\",\"url\":\"https:\/\/fontenovaenergia.com.br\/novo\/\",\"name\":\"Fonte Nova Energia\",\"description\":\"Solu\\u00e7\\u00f5es Sustent\\u00e1veis\",\"potentialAction\":[{\"@type\":\"SearchAction\",\"target\":\"https:\/\/fontenovaenergia.com.br\/novo\/?s={search_term_string}\",\"query-input\":\"required name=search_term_string\"}],\"inLanguage\":\"pt-BR\"},{\"@type\":\"WebPage\",\"@id\":\"https:\/\/fontenovaenergia.com.br\/novo\/sobre-a-fonte-nova-energia\/#webpage\",\"url\":\"https:\/\/fontenovaenergia.com.br\/novo\/sobre-a-fonte-nova-energia\/\",\"name\":\"Sobre a Fonte Nova Energia - Fonte Nova Energia\",\"isPartOf\":{\"@id\":\"https:\/\/fontenovaenergia.com.br\/novo\/#website\"},\"datePublished\":\"2020-11-28T21:02:35+00:00\",\"dateModified\":\"2020-12-22T14:03:39+00:00\",\"inLanguage\":\"pt-BR\",\"potentialAction\":[{\"@type\":\"ReadAction\",\"target\":[\"https:\/\/fontenovaenergia.com.br\/novo\/sobre-a-fonte-nova-energia\/\"]}]}]}<\/script>\n<!-- \/ Yoast SEO plugin. -->","_links":{"self":[{"href":"https:\/\/fontenovaenergia.com.br\/novo\/wp-json\/wp\/v2\/pages\/26"}],"collection":[{"href":"https:\/\/fontenovaenergia.com.br\/novo\/wp-json\/wp\/v2\/pages"}],"about":[{"href":"https:\/\/fontenovaenergia.com.br\/novo\/wp-json\/wp\/v2\/types\/page"}],"author":[{"embeddable":true,"href":"https:\/\/fontenovaenergia.com.br\/novo\/wp-json\/wp\/v2\/users\/1"}],"replies":[{"embeddable":true,"href":"https:\/\/fontenovaenergia.com.br\/novo\/wp-json\/wp\/v2\/comments?post=26"}],"version-history":[{"count":7,"href":"https:\/\/fontenovaenergia.com.br\/novo\/wp-json\/wp\/v2\/pages\/26\/revisions"}],"predecessor-version":[{"id":233,"href":"https:\/\/fontenovaenergia.com.br\/novo\/wp-json\/wp\/v2\/pages\/26\/revisions\/233"}],"wp:attachment":[{"href":"https:\/\/fontenovaenergia.com.br\/novo\/wp-json\/wp\/v2\/media?parent=26"}],"curies":[{"name":"wp","href":"https:\/\/api.w.org\/{rel}","templated":true}]}}