{"id":22,"date":"2020-11-28T18:01:50","date_gmt":"2020-11-28T21:01:50","guid":{"rendered":"https:\/\/fontenovaenergia.com.br\/novo\/?page_id=22"},"modified":"2020-12-01T22:53:42","modified_gmt":"2020-12-02T01:53:42","slug":"perguntas-frequentes","status":"publish","type":"page","link":"https:\/\/fontenovaenergia.com.br\/novo\/perguntas-frequentes\/","title":{"rendered":"Perguntas Frequentes"},"content":{"rendered":"<p><div class=\"fusion-fullwidth fullwidth-box fusion-builder-row-1 fusion-flex-container fusion-parallax-none hundred-percent-fullwidth non-hundred-percent-height-scrolling\" style=\"background-color: rgba(0,0,0,0.2);background-image: url(&quot;https:\/\/fontenovaenergia.com.br\/novo\/wp-content\/uploads\/2020\/12\/paineis-solares-precos-sao-jose-dos-campos-scaled.jpg&quot;);background-position: center center;background-repeat: no-repeat;background-blend-mode: overlay;border-width: 0px 0px 0px 0px;border-color:#e2e2e2;border-style:solid;-webkit-background-size:cover;-moz-background-size:cover;-o-background-size:cover;background-size:cover;\" ><div class=\"fusion-builder-row fusion-row fusion-flex-align-items-center fusion-flex-justify-content-center\" style=\"width:104% !important;max-width:104% !important;margin-left: calc(-4% \/ 2 );margin-right: calc(-4% \/ 2 );\"><div class=\"fusion-layout-column fusion_builder_column fusion-builder-column-0 fusion_builder_column_1_1 1_1 fusion-flex-column\"><div class=\"fusion-column-wrapper fusion-flex-justify-content-flex-start fusion-content-layout-column\" style=\"background-position:left top;background-repeat:no-repeat;-webkit-background-size:cover;-moz-background-size:cover;-o-background-size:cover;background-size:cover;padding: 0px 0px 0px 0px;\"><div class=\"fusion-text fusion-text-1\"><p style=\"text-align: center; font-size: 40px; color: #ffffff;\" data-fusion-font=\"true\"><b style=\"font-size: 42px;\" data-fusion-font=\"true\">PERGUNTAS FREQUENTES<\/b><\/p>\n<\/div><\/div><\/div><style type=\"text\/css\">.fusion-body .fusion-builder-column-0{width:100% !important;margin-top : 0px;margin-bottom : 20px;}.fusion-builder-column-0 > .fusion-column-wrapper {padding-top : 0px !important;padding-right : 0px !important;margin-right : 1.92%;padding-bottom : 0px !important;padding-left : 0px !important;margin-left : 1.92%;}@media only screen and (max-width:1024px) {.fusion-body .fusion-builder-column-0{width:100% !important;order : 0;}.fusion-builder-column-0 > .fusion-column-wrapper {margin-right : 1.92%;margin-left : 1.92%;}}@media only screen and (max-width:640px) {.fusion-body .fusion-builder-column-0{width:100% !important;order : 0;}.fusion-builder-column-0 > .fusion-column-wrapper {margin-right : 1.92%;margin-left : 1.92%;}}<\/style><\/div><style type=\"text\/css\">.fusion-body .fusion-flex-container.fusion-builder-row-1{ padding-top : 90px;margin-top : 0px;padding-right : 0px;padding-bottom : 50px;margin-bottom : 0px;padding-left : 0px;}<\/style><\/div><div class=\"fusion-fullwidth fullwidth-box fusion-builder-row-2 fusion-flex-container nonhundred-percent-fullwidth non-hundred-percent-height-scrolling\" style=\"background-color: rgba(255,255,255,0);background-position: center center;background-repeat: no-repeat;border-width: 0px 0px 0px 0px;border-color:#e2e2e2;border-style:solid;\" ><div class=\"fusion-builder-row fusion-row fusion-flex-align-items-flex-start\" style=\"max-width:1248px;margin-left: calc(-4% \/ 2 );margin-right: calc(-4% \/ 2 );\"><div class=\"fusion-layout-column fusion_builder_column fusion-builder-column-1 fusion_builder_column_1_2 1_2 fusion-flex-column\"><div class=\"fusion-column-wrapper fusion-flex-justify-content-flex-start fusion-content-layout-column\" style=\"background-position:left top;background-repeat:no-repeat;-webkit-background-size:cover;-moz-background-size:cover;-o-background-size:cover;background-size:cover;padding: 0px 0px 30px 0px;\"><div class=\"fusion-text fusion-text-2\"><h4><span style=\"color: rgb(56, 46, 84);\">Quais as vantagens econ\u00f4micas da energia fotovoltaica?<\/span><\/h4>\n<p>\u00c0 parte do investimento inicial, com compra e instala\u00e7\u00e3o do equipamento, a energia el\u00e9trica gerada pelo sistema fotovoltaico n\u00e3o tem outros custos, dado que os pain\u00e9is demandam pouca manuten\u00e7\u00e3o. Com a evolu\u00e7\u00e3o tecnol\u00f3gica, o prazo de retorno deste investimento inicial est\u00e1 cada vez menor.<\/p>\n<p>Al\u00e9m disso, tal energia \u00e9 autossuficiente e, portanto, mais segura em termos de abastecimento, principalmente para os consumidores corporativos, para quem a falta de energia pode significar perdas de produ\u00e7\u00e3o.<\/p>\n<p>A energia fotovoltaica tamb\u00e9m \u00e9 a solu\u00e7\u00e3o mais barata para a eletrifica\u00e7\u00e3o de grandes propriedades rurais formadas por sistemas el\u00e9tricos dispersos. Outro uso bastante vi\u00e1vel, principalmente para a iniciativa p\u00fablica, \u00e9 a eletrifica\u00e7\u00e3o de comunidades remotas.<\/p>\n<\/div><\/div><\/div><style type=\"text\/css\">.fusion-body .fusion-builder-column-1{width:50% !important;margin-top : 0px;margin-bottom : 20px;}.fusion-builder-column-1 > .fusion-column-wrapper {padding-top : 0px !important;padding-right : 0px !important;margin-right : 3.84%;padding-bottom : 30px !important;padding-left : 0px !important;margin-left : 3.84%;}@media only screen and (max-width:1024px) {.fusion-body .fusion-builder-column-1{width:50% !important;order : 0;}.fusion-builder-column-1 > .fusion-column-wrapper {margin-right : 3.84%;margin-left : 3.84%;}}@media only screen and (max-width:640px) {.fusion-body .fusion-builder-column-1{width:100% !important;order : 0;}.fusion-builder-column-1 > .fusion-column-wrapper {margin-right : 1.92%;margin-left : 1.92%;}}<\/style><div class=\"fusion-layout-column fusion_builder_column fusion-builder-column-2 fusion_builder_column_1_2 1_2 fusion-flex-column\"><div class=\"fusion-column-wrapper fusion-flex-justify-content-flex-start fusion-content-layout-column\" style=\"background-position:left top;background-repeat:no-repeat;-webkit-background-size:cover;-moz-background-size:cover;-o-background-size:cover;background-size:cover;padding: 0px 0px 30px 0px;\"><div class=\"fusion-text fusion-text-3\"><h4><span style=\"color: rgb(56, 46, 84);\">Qual a diferen\u00e7a entre o sistema fotovoltaico conectado \u00e0 rede (On-grid) e o sistema fotovoltaico isolado (Off-grid)?<\/span><\/h4>\n<p>O sistema On-grid \u00e9 interligado \u00e0 rede el\u00e9trica da concession\u00e1ria local ap\u00f3s aprova\u00e7\u00e3o de projeto espec\u00edfico. Nesse sistema a energia gerada \u00e9 injetada diretamente na rede sem precisar de baterias, garantindo o retorno de investimento atrativo. Se o sistema fotovoltaico gerar mais energia do que a consumida da rede, esse excedente poder\u00e1 ser utilizado como cr\u00e9dito para as pr\u00f3ximas faturas.<\/p>\n<p>O sistema Off-grid \u00e9 completamente independente, podendo ser instalado inclusive em locais que n\u00e3o possuam rede de energia el\u00e9trica. A energia gerada ao longo do dia \u00e9 armazenada em baterias que garantem o fornecimento nos per\u00edodos sem incid\u00eancia solar. Por conta do uso de baterias s\u00e3o necess\u00e1rias manuten\u00e7\u00f5es ao longo da vida \u00fatil do sistema refletindo num custo final superior ao comparado com o sistema On-grid.<\/p>\n<\/div><\/div><\/div><style type=\"text\/css\">.fusion-body .fusion-builder-column-2{width:50% !important;margin-top : 0px;margin-bottom : 20px;}.fusion-builder-column-2 > .fusion-column-wrapper {padding-top : 0px !important;padding-right : 0px !important;margin-right : 3.84%;padding-bottom : 30px !important;padding-left : 0px !important;margin-left : 3.84%;}@media only screen and (max-width:1024px) {.fusion-body .fusion-builder-column-2{width:50% !important;order : 0;}.fusion-builder-column-2 > .fusion-column-wrapper {margin-right : 3.84%;margin-left : 3.84%;}}@media only screen and (max-width:640px) {.fusion-body .fusion-builder-column-2{width:100% !important;order : 0;}.fusion-builder-column-2 > .fusion-column-wrapper {margin-right : 1.92%;margin-left : 1.92%;}}<\/style><div class=\"fusion-layout-column fusion_builder_column fusion-builder-column-3 fusion_builder_column_1_2 1_2 fusion-flex-column\"><div class=\"fusion-column-wrapper fusion-flex-justify-content-flex-start fusion-content-layout-column\" style=\"background-position:left top;background-repeat:no-repeat;-webkit-background-size:cover;-moz-background-size:cover;-o-background-size:cover;background-size:cover;padding: 0px 0px 30px 0px;\"><div class=\"fusion-text fusion-text-4\"><h4><span style=\"color: rgb(56, 46, 84);\">\u00c9 poss\u00edvel tornar-se completamente independente da rede el\u00e9trica utilizando energia solar?<\/span><\/h4>\n<p>Para se tornar independente da rede el\u00e9trica, \u00e9 necess\u00e1rio um sistema aut\u00f4nomo, onde o armazenamento da energia \u00e9 feito por baterias. Esse tipo de sistema \u00e9 recomendado para locais onde n\u00e3o h\u00e1 rede el\u00e9trica, como fazendas e zonas . Em zonas urbanas, a viabilidade financeira indica um sistema conectado a rede remotas.<\/p>\n<\/div><\/div><\/div><style type=\"text\/css\">.fusion-body .fusion-builder-column-3{width:50% !important;margin-top : 0px;margin-bottom : 20px;}.fusion-builder-column-3 > .fusion-column-wrapper {padding-top : 0px !important;padding-right : 0px !important;margin-right : 3.84%;padding-bottom : 30px !important;padding-left : 0px !important;margin-left : 3.84%;}@media only screen and (max-width:1024px) {.fusion-body .fusion-builder-column-3{width:50% !important;order : 0;}.fusion-builder-column-3 > .fusion-column-wrapper {margin-right : 3.84%;margin-left : 3.84%;}}@media only screen and (max-width:640px) {.fusion-body .fusion-builder-column-3{width:100% !important;order : 0;}.fusion-builder-column-3 > .fusion-column-wrapper {margin-right : 1.92%;margin-left : 1.92%;}}<\/style><div class=\"fusion-layout-column fusion_builder_column fusion-builder-column-4 fusion_builder_column_1_2 1_2 fusion-flex-column\"><div class=\"fusion-column-wrapper fusion-flex-justify-content-flex-start fusion-content-layout-column\" style=\"background-position:left top;background-repeat:no-repeat;-webkit-background-size:cover;-moz-background-size:cover;-o-background-size:cover;background-size:cover;padding: 0px 0px 30px 0px;\"><div class=\"fusion-text fusion-text-5\"><h4><span style=\"color: rgb(56, 46, 84);\">Quais as vantagens ambientais da energia fotovoltaica?<\/span><\/h4>\n<p>A intera\u00e7\u00e3o entre o sil\u00edcio e a luz solar, que gera a energia fotovoltaica, n\u00e3o produz res\u00edduos. Por isso, ela \u00e9 considerada uma fonte de energia limpa ou ecol\u00f3gica. Al\u00e9m disso, a radia\u00e7\u00e3o solar \u00e9 abundante e inesgot\u00e1vel, com grande potencial de utiliza\u00e7\u00e3o, enquanto o sil\u00edcio, principal semicondutor utilizado nos pain\u00e9is fotovoltaicos, \u00e9 o segundo elemento mais encontrado na superf\u00edcie terrestre. Ou seja: \u00e9 uma solu\u00e7\u00e3o energ\u00e9tica sustent\u00e1vel.<br \/>Com energia solar fotovoltaica, \u00e9 poss\u00edvel utilizar todos os aparelhos el\u00e9tricos comuns?<br \/>Sim, a energia solar fotovoltaica tem os mesmos usos que a energia el\u00e9trica convencional. No entanto, \u00e9 necess\u00e1rio um projeto de instala\u00e7\u00e3o de pain\u00e9is condizente com a demanda e a finalidade de consumo.<\/p>\n<\/div><\/div><\/div><style type=\"text\/css\">.fusion-body .fusion-builder-column-4{width:50% !important;margin-top : 0px;margin-bottom : 20px;}.fusion-builder-column-4 > .fusion-column-wrapper {padding-top : 0px !important;padding-right : 0px !important;margin-right : 3.84%;padding-bottom : 30px !important;padding-left : 0px !important;margin-left : 3.84%;}@media only screen and (max-width:1024px) {.fusion-body .fusion-builder-column-4{width:50% !important;order : 0;}.fusion-builder-column-4 > .fusion-column-wrapper {margin-right : 3.84%;margin-left : 3.84%;}}@media only screen and (max-width:640px) {.fusion-body .fusion-builder-column-4{width:100% !important;order : 0;}.fusion-builder-column-4 > .fusion-column-wrapper {margin-right : 1.92%;margin-left : 1.92%;}}<\/style><div class=\"fusion-layout-column fusion_builder_column fusion-builder-column-5 fusion_builder_column_1_2 1_2 fusion-flex-column\"><div class=\"fusion-column-wrapper fusion-flex-justify-content-flex-start fusion-content-layout-column\" style=\"background-position:left top;background-repeat:no-repeat;-webkit-background-size:cover;-moz-background-size:cover;-o-background-size:cover;background-size:cover;padding: 0px 0px 30px 0px;\"><div class=\"fusion-text fusion-text-6\"><h4><span style=\"color: rgb(56, 46, 84);\">Se a obten\u00e7\u00e3o de energia fotovoltaica depende do sol, h\u00e1 o risco de apag\u00e3o nos dias nublados? E \u00e0 noite?<\/span><\/h4>\n<p>A efici\u00eancia do sistema solar fotovoltaico depende, sim, da quantidade de luz recebida. Por\u00e9m, mesmo em dias nublados h\u00e1 radia\u00e7\u00e3o mais do que suficiente para a gera\u00e7\u00e3o de energia. Al\u00e9m disso, em localidades com condi\u00e7\u00f5es clim\u00e1ticas piores, o sistema pode ser potencializado aumentando-se a superf\u00edcie de contato (com pain\u00e9is fotovoltaicos maiores). No Brasil, todas as regi\u00f5es apresentam \u00f3timas condi\u00e7\u00f5es clim\u00e1ticas.<\/p>\n<\/div><\/div><\/div><style type=\"text\/css\">.fusion-body .fusion-builder-column-5{width:50% !important;margin-top : 0px;margin-bottom : 20px;}.fusion-builder-column-5 > .fusion-column-wrapper {padding-top : 0px !important;padding-right : 0px !important;margin-right : 3.84%;padding-bottom : 30px !important;padding-left : 0px !important;margin-left : 3.84%;}@media only screen and (max-width:1024px) {.fusion-body .fusion-builder-column-5{width:50% !important;order : 0;}.fusion-builder-column-5 > .fusion-column-wrapper {margin-right : 3.84%;margin-left : 3.84%;}}@media only screen and (max-width:640px) {.fusion-body .fusion-builder-column-5{width:100% !important;order : 0;}.fusion-builder-column-5 > .fusion-column-wrapper {margin-right : 1.92%;margin-left : 1.92%;}}<\/style><div class=\"fusion-layout-column fusion_builder_column fusion-builder-column-6 fusion_builder_column_1_2 1_2 fusion-flex-column\"><div class=\"fusion-column-wrapper fusion-flex-justify-content-flex-start fusion-content-layout-column\" style=\"background-position:left top;background-repeat:no-repeat;-webkit-background-size:cover;-moz-background-size:cover;-o-background-size:cover;background-size:cover;padding: 0px 0px 30px 0px;\"><div class=\"fusion-text fusion-text-7\"><h4><span style=\"color: rgb(56, 46, 84);\">Os pain\u00e9is fotovoltaicos s\u00e3o resistentes \u00e0s chuvas de granizo?<\/span><\/h4>\n<p>Os pain\u00e9is de qualidade ofertados no mercado brasileiro geralmente v\u00eam equipados com vidro temperado de 3mm para proteger as c\u00e9lulas fotovoltaicas. Essa estrutura garante resist\u00eancia \u00e0 v\u00e1rios tipos de impactos mec\u00e2nicos, n\u00e3o somente chuva de granizo. As pr\u00f3prias inclina\u00e7\u00f5es de instala\u00e7\u00e3o dos pain\u00e9is fotovoltaicos reduzem os impactos diretos do granizo<\/p>\n<\/div><\/div><\/div><style type=\"text\/css\">.fusion-body .fusion-builder-column-6{width:50% !important;margin-top : 0px;margin-bottom : 20px;}.fusion-builder-column-6 > .fusion-column-wrapper {padding-top : 0px !important;padding-right : 0px !important;margin-right : 3.84%;padding-bottom : 30px !important;padding-left : 0px !important;margin-left : 3.84%;}@media only screen and (max-width:1024px) {.fusion-body .fusion-builder-column-6{width:50% !important;order : 0;}.fusion-builder-column-6 > .fusion-column-wrapper {margin-right : 3.84%;margin-left : 3.84%;}}@media only screen and (max-width:640px) {.fusion-body .fusion-builder-column-6{width:100% !important;order : 0;}.fusion-builder-column-6 > .fusion-column-wrapper {margin-right : 1.92%;margin-left : 1.92%;}}<\/style><div class=\"fusion-layout-column fusion_builder_column fusion-builder-column-7 fusion_builder_column_1_2 1_2 fusion-flex-column\"><div class=\"fusion-column-wrapper fusion-flex-justify-content-flex-start fusion-content-layout-column\" style=\"background-position:left top;background-repeat:no-repeat;-webkit-background-size:cover;-moz-background-size:cover;-o-background-size:cover;background-size:cover;padding: 0px 0px 30px 0px;\"><div class=\"fusion-text fusion-text-8\"><h4><span style=\"color: rgb(56, 46, 84);\">Posso vender energia para a concession\u00e1ria?<\/span><\/h4>\n<p>N\u00e3o. O sistema adotado pelo Brasil n\u00e3o permite a venda de energia \u00e0 concession\u00e1ria como em outros pa\u00edses.<\/p>\n<p>No entanto existe um sistema compensa\u00e7\u00e3o de energia onde um cr\u00e9dito (Produ\u00e7\u00e3o maior que o Consumo) gerado em um determinado m\u00eas pode ser utilizado em um m\u00eas subsequente ou at\u00e9 mesmo em outra unidade consumidora do mesmo CPF ou CNPJ, dentro da mesma concession\u00e1ria.<\/p>\n<p>Por exemplo, se em um determinado m\u00eas voc\u00ea viaja de f\u00e9rias ou a radia\u00e7\u00e3o solar \u00e9 muito alta e voc\u00ea produz 500 kWh consumindo apenas 400 kWh, ser\u00e1 gerado um cr\u00e9dito de 100 kWh.<\/p>\n<p>Se no pr\u00f3ximo m\u00eas seu consumo foi de 550 kWh e a produ\u00e7\u00e3o de 500 kWh, voc\u00ea n\u00e3o pagar\u00e1 nada e ainda ter\u00e1 um cr\u00e9dito de 50 kWh para os pr\u00f3ximos meses.<\/p>\n<\/div><\/div><\/div><style type=\"text\/css\">.fusion-body .fusion-builder-column-7{width:50% !important;margin-top : 0px;margin-bottom : 20px;}.fusion-builder-column-7 > .fusion-column-wrapper {padding-top : 0px !important;padding-right : 0px !important;margin-right : 3.84%;padding-bottom : 30px !important;padding-left : 0px !important;margin-left : 3.84%;}@media only screen and (max-width:1024px) {.fusion-body .fusion-builder-column-7{width:50% !important;order : 0;}.fusion-builder-column-7 > .fusion-column-wrapper {margin-right : 3.84%;margin-left : 3.84%;}}@media only screen and (max-width:640px) {.fusion-body .fusion-builder-column-7{width:100% !important;order : 0;}.fusion-builder-column-7 > .fusion-column-wrapper {margin-right : 1.92%;margin-left : 1.92%;}}<\/style><div class=\"fusion-layout-column fusion_builder_column fusion-builder-column-8 fusion_builder_column_1_2 1_2 fusion-flex-column\"><div class=\"fusion-column-wrapper fusion-flex-justify-content-flex-start fusion-content-layout-column\" style=\"background-position:left top;background-repeat:no-repeat;-webkit-background-size:cover;-moz-background-size:cover;-o-background-size:cover;background-size:cover;padding: 0px 0px 30px 0px;\"><div class=\"fusion-text fusion-text-9\"><h4><span style=\"color: rgb(56, 46, 84);\">\u00c9 necess\u00e1ria manuten\u00e7\u00e3o ap\u00f3s a instala\u00e7\u00e3o do sistema fotovoltaico conectado \u00e0 rede?<\/span><\/h4>\n<p>A manuten\u00e7\u00e3o \u00e9 essencial e simples para sistemas fotovoltaicos: basta manter as placas limpas. Na maioria das vezes, a chuva far\u00e1 o trabalho por voc\u00ea.<\/p>\n<\/div><div class=\"fusion-text fusion-text-10\"><h4><span style=\"color: rgb(56, 46, 84);\">O sistema de energia solar vai gerar barulho, como um gerador tradicional?<\/span><\/h4>\n<p>N\u00e3o. Outro grande benef\u00edcio do sistema fotovoltaico \u00e9 a n\u00e3o emiss\u00e3o de ru\u00eddos. Diferente de um gerador tradicional, a luz do sol \u00e9 convertida em energia el\u00e9trica por um processo que n\u00e3o gera barulho nem gases. Voc\u00ea n\u00e3o vai ter que mudar em nada sua rotina e o sistema funciona de forma totalmente autom\u00e1tica, sem nenhuma necessidade de interven\u00e7\u00e3o.<\/p>\n<\/div><\/div><\/div><style type=\"text\/css\">.fusion-body .fusion-builder-column-8{width:50% !important;margin-top : 0px;margin-bottom : 20px;}.fusion-builder-column-8 > .fusion-column-wrapper {padding-top : 0px !important;padding-right : 0px !important;margin-right : 3.84%;padding-bottom : 30px !important;padding-left : 0px !important;margin-left : 3.84%;}@media only screen and (max-width:1024px) {.fusion-body .fusion-builder-column-8{width:50% !important;order : 0;}.fusion-builder-column-8 > .fusion-column-wrapper {margin-right : 3.84%;margin-left : 3.84%;}}@media only screen and (max-width:640px) {.fusion-body .fusion-builder-column-8{width:100% !important;order : 0;}.fusion-builder-column-8 > .fusion-column-wrapper {margin-right : 1.92%;margin-left : 1.92%;}}<\/style><\/div><style type=\"text\/css\">.fusion-body .fusion-flex-container.fusion-builder-row-2{ padding-top : 45px;margin-top : 0px;padding-right : 0px;padding-bottom : 0px;margin-bottom : 0px;padding-left : 0px;}<\/style><\/div><\/p>\n","protected":false},"excerpt":{"rendered":"","protected":false},"author":1,"featured_media":0,"parent":0,"menu_order":0,"comment_status":"closed","ping_status":"closed","template":"100-width.php","meta":[],"yoast_head":"<!-- This site is optimized with the Yoast SEO plugin v15.7 - https:\/\/yoast.com\/wordpress\/plugins\/seo\/ -->\n<title>Perguntas Frequentes - Fonte Nova Energia<\/title>\n<meta name=\"robots\" content=\"index, follow, max-snippet:-1, max-image-preview:large, max-video-preview:-1\" \/>\n<link rel=\"canonical\" href=\"https:\/\/fontenovaenergia.com.br\/novo\/perguntas-frequentes\/\" \/>\n<meta property=\"og:locale\" content=\"pt_BR\" \/>\n<meta property=\"og:type\" content=\"article\" \/>\n<meta property=\"og:title\" content=\"Perguntas Frequentes - Fonte Nova Energia\" \/>\n<meta property=\"og:url\" content=\"https:\/\/fontenovaenergia.com.br\/novo\/perguntas-frequentes\/\" \/>\n<meta property=\"og:site_name\" content=\"Fonte Nova Energia\" \/>\n<meta property=\"article:modified_time\" content=\"2020-12-02T01:53:42+00:00\" \/>\n<meta name=\"twitter:card\" content=\"summary_large_image\" \/>\n<meta name=\"twitter:label1\" content=\"Est. reading time\">\n\t<meta name=\"twitter:data1\" content=\"19 minutos\">\n<script type=\"application\/ld+json\" class=\"yoast-schema-graph\">{\"@context\":\"https:\/\/schema.org\",\"@graph\":[{\"@type\":\"WebSite\",\"@id\":\"https:\/\/fontenovaenergia.com.br\/novo\/#website\",\"url\":\"https:\/\/fontenovaenergia.com.br\/novo\/\",\"name\":\"Fonte Nova Energia\",\"description\":\"Solu\\u00e7\\u00f5es Sustent\\u00e1veis\",\"potentialAction\":[{\"@type\":\"SearchAction\",\"target\":\"https:\/\/fontenovaenergia.com.br\/novo\/?s={search_term_string}\",\"query-input\":\"required name=search_term_string\"}],\"inLanguage\":\"pt-BR\"},{\"@type\":\"WebPage\",\"@id\":\"https:\/\/fontenovaenergia.com.br\/novo\/perguntas-frequentes\/#webpage\",\"url\":\"https:\/\/fontenovaenergia.com.br\/novo\/perguntas-frequentes\/\",\"name\":\"Perguntas Frequentes - Fonte Nova Energia\",\"isPartOf\":{\"@id\":\"https:\/\/fontenovaenergia.com.br\/novo\/#website\"},\"datePublished\":\"2020-11-28T21:01:50+00:00\",\"dateModified\":\"2020-12-02T01:53:42+00:00\",\"inLanguage\":\"pt-BR\",\"potentialAction\":[{\"@type\":\"ReadAction\",\"target\":[\"https:\/\/fontenovaenergia.com.br\/novo\/perguntas-frequentes\/\"]}]}]}<\/script>\n<!-- \/ Yoast SEO plugin. -->","_links":{"self":[{"href":"https:\/\/fontenovaenergia.com.br\/novo\/wp-json\/wp\/v2\/pages\/22"}],"collection":[{"href":"https:\/\/fontenovaenergia.com.br\/novo\/wp-json\/wp\/v2\/pages"}],"about":[{"href":"https:\/\/fontenovaenergia.com.br\/novo\/wp-json\/wp\/v2\/types\/page"}],"author":[{"embeddable":true,"href":"https:\/\/fontenovaenergia.com.br\/novo\/wp-json\/wp\/v2\/users\/1"}],"replies":[{"embeddable":true,"href":"https:\/\/fontenovaenergia.com.br\/novo\/wp-json\/wp\/v2\/comments?post=22"}],"version-history":[{"count":7,"href":"https:\/\/fontenovaenergia.com.br\/novo\/wp-json\/wp\/v2\/pages\/22\/revisions"}],"predecessor-version":[{"id":152,"href":"https:\/\/fontenovaenergia.com.br\/novo\/wp-json\/wp\/v2\/pages\/22\/revisions\/152"}],"wp:attachment":[{"href":"https:\/\/fontenovaenergia.com.br\/novo\/wp-json\/wp\/v2\/media?parent=22"}],"curies":[{"name":"wp","href":"https:\/\/api.w.org\/{rel}","templated":true}]}}